{"id":396,"date":"2019-01-25T15:29:47","date_gmt":"2019-01-25T15:29:47","guid":{"rendered":"http:\/\/www.paukutusjengi.com\/?page_id=396"},"modified":"2022-12-30T14:25:06","modified_gmt":"2022-12-30T14:25:06","slug":"396-2","status":"publish","type":"page","link":"https:\/\/www.tuntematonkoomikko.com\/pj\/","title":{"rendered":""},"content":{"rendered":"<h1>PAUKUTUSKLUBIT?<\/h1>\n<p>Paukutusklubi on vuonna 2014 Helsingin Semifinaliin perustettu h\u00e4m\u00e4r\u00e4, hikinen ja v\u00e4h\u00e4n vaarallisen oloinen stand up -luola. Perustajien tavoite oli luoda Helsingin ytimeen klubi,\u00a0jossa koomikot saavat rauhassa revitell\u00e4, hajoilla, ep\u00e4onnistua tai tappaa yleis\u00f6ns\u00e4 nauruun.\u00a0Paukutusjengin koomikoiden lis\u00e4ksi lavalla n\u00e4hd\u00e4\u00e4n vierailijoina tunnettuja stand up -nimi\u00e4, alan kuumimpia tulokkaita sek\u00e4 lavakomiikan omituisimpia hahmoja.<\/p>\n<h2>Tulevat illat:<\/h2>\n<h3><strong>Lauantai 7.1.2023<br \/>\nSemifinal<br \/>\nklo 20:00<br \/>\n<\/strong><\/h3>\n<p>Anders Helenius<br \/>\nAatu Raitala<br \/>\nJukka Lindstr\u00f6m<br \/>\n<span style=\"font-size: 1em;\">Ida Gr\u00f6nlond<br \/>\nUrsula Herlin<\/span><\/p>\n<p><a href=\"https:\/\/www.tiketti.fi\/stand-upin-paukutusklubi-semifinal-helsinki-lippuja\/87361\"><img loading=\"lazy\" decoding=\"async\" class=\"alignnone wp-image-192 size-thumbnail\" src=\"https:\/\/tuntematonkoomikko.com\/pj\/wp-content\/uploads\/2013\/08\/ostaliput-150x38.png\" alt=\"\" width=\"150\" height=\"38\" srcset=\"https:\/\/tuntematonkoomikko.com\/pj\/wp-content\/uploads\/2013\/08\/ostaliput-150x38.png 150w, https:\/\/tuntematonkoomikko.com\/pj\/wp-content\/uploads\/2013\/08\/ostaliput-300x76.png 300w, https:\/\/tuntematonkoomikko.com\/pj\/wp-content\/uploads\/2013\/08\/ostaliput.png 371w\" sizes=\"(max-width: 150px) 100vw, 150px\" \/><\/a><\/p>\n<h3><strong>Perjantai 10.2.2023<br \/>\n<\/strong><strong>Semifinal<br \/>\nklo 20.00<br \/>\n<\/strong><\/h3>\n<p>Teemu Vesterinen<br \/>\nJukka Lindstr\u00f6m<br \/>\nAnders Helenius<br \/>\n<span style=\"font-size: 1em;\">+ vieraita (TBA)<\/span><\/p>\n<p><a href=\"https:\/\/www.tiketti.fi\/stand-upin-paukutusklubi-semifinal-helsinki-lippuja\/87361\"><img loading=\"lazy\" decoding=\"async\" class=\"alignnone wp-image-192 size-thumbnail\" src=\"https:\/\/tuntematonkoomikko.com\/pj\/wp-content\/uploads\/2013\/08\/ostaliput-150x38.png\" alt=\"\" width=\"150\" height=\"38\" srcset=\"https:\/\/tuntematonkoomikko.com\/pj\/wp-content\/uploads\/2013\/08\/ostaliput-150x38.png 150w, https:\/\/tuntematonkoomikko.com\/pj\/wp-content\/uploads\/2013\/08\/ostaliput-300x76.png 300w, https:\/\/tuntematonkoomikko.com\/pj\/wp-content\/uploads\/2013\/08\/ostaliput.png 371w\" sizes=\"(max-width: 150px) 100vw, 150px\" \/><\/a><\/p>\n<h3><strong>Perjantai 10.2.2023<br \/>\n<\/strong><strong>Semifinal<br \/>\nklo 20.00<br \/>\n<\/strong><\/h3>\n<p>Aatu Raitala<br \/>\nTeemu Vesterinen<br \/>\nJukka Lindstr\u00f6m<br \/>\n<span style=\"font-size: 1em;\">+ vieraita (TBA)<\/span><\/p>\n<p><a href=\"https:\/\/www.tiketti.fi\/stand-upin-paukutusklubi-semifinal-helsinki-lippuja\/87361\"><img loading=\"lazy\" decoding=\"async\" class=\"alignnone wp-image-192 size-thumbnail\" src=\"https:\/\/tuntematonkoomikko.com\/pj\/wp-content\/uploads\/2013\/08\/ostaliput-150x38.png\" alt=\"\" width=\"150\" height=\"38\" srcset=\"https:\/\/tuntematonkoomikko.com\/pj\/wp-content\/uploads\/2013\/08\/ostaliput-150x38.png 150w, https:\/\/tuntematonkoomikko.com\/pj\/wp-content\/uploads\/2013\/08\/ostaliput-300x76.png 300w, https:\/\/tuntematonkoomikko.com\/pj\/wp-content\/uploads\/2013\/08\/ostaliput.png 371w\" sizes=\"(max-width: 150px) 100vw, 150px\" \/><\/a><\/p>\n<p>&nbsp;<\/p>\n<div>\n<hr \/>\n<\/div>\n<h2><strong>Jengi?<\/strong><\/h2>\n<p>Stand\u00a0upin Paukutusjengi on 2010-luvun alussa perustettu koomikkoryhm\u00e4, joka pyrkii tukemaan ja tekem\u00e4\u00e4n omaehtoista ja omalaatuista stand up -komiikkaa.<\/p>\n<h3><strong style=\"font-size: 1em;\">Joni Koivuniemi\u00a0<\/strong><\/h3>\n<p><img loading=\"lazy\" decoding=\"async\" class=\"wp-image-166 alignright\" src=\"https:\/\/tuntematonkoomikko.com\/pj\/wp-content\/uploads\/2013\/07\/Paukutusjengi_joni_tmb.jpg\" alt=\"\" width=\"269\" height=\"269\" srcset=\"https:\/\/tuntematonkoomikko.com\/pj\/wp-content\/uploads\/2013\/07\/Paukutusjengi_joni_tmb.jpg 240w, https:\/\/tuntematonkoomikko.com\/pj\/wp-content\/uploads\/2013\/07\/Paukutusjengi_joni_tmb-150x150.jpg 150w\" sizes=\"(max-width: 269px) 100vw, 269px\" \/><span style=\"font-size: 1em;\">Jos Woody Allen olisi syntynyt Tikkurilaan 30 vuotta sitten, h\u00e4n tekisi sit\u00e4, mit\u00e4 Joni Koivuniemi tekee nyt. Pinnalta neuroottista ja rauhatonta, mutta pohjimmiltaan ter\u00e4v\u00e4\u00e4 ja tarkasti mietitty\u00e4 komiikkaa, joka koostuu mm. mahtavista tositarinoista. Jonin suositut Youtube-sketsit l\u00e4hentelev\u00e4t Office-sarjan nerokkuutta.<\/span><\/p>\n<p>&nbsp;<\/p>\n<p>&nbsp;<\/p>\n<h3>Anders Helenius<\/h3>\n<p><img loading=\"lazy\" decoding=\"async\" class=\"wp-image-168 alignright\" src=\"https:\/\/tuntematonkoomikko.com\/pj\/wp-content\/uploads\/2013\/07\/Paukutusjengi_anders_tmb.jpg\" alt=\"\" width=\"269\" height=\"269\" srcset=\"https:\/\/tuntematonkoomikko.com\/pj\/wp-content\/uploads\/2013\/07\/Paukutusjengi_anders_tmb.jpg 240w, https:\/\/tuntematonkoomikko.com\/pj\/wp-content\/uploads\/2013\/07\/Paukutusjengi_anders_tmb-150x150.jpg 150w\" sizes=\"(max-width: 269px) 100vw, 269px\" \/>Helenius iskee yht\u00e4 kovaa kuin nyrkkeilij\u00e4kaimansa. Andersin keikka etenee n\u00e4in. Ensin nelj\u00e4n lapsen is\u00e4n charmi saa yleis\u00f6n laskemaan suojauksensa. Seuraa Heleniuksen painavampien iskujen sarja. Yleis\u00f6 kolme kertaa kanveesiin ja tekninen tyrm\u00e4ys! \u201cHyv\u00e4 ett\u00e4 t\u00e4llaistakin komiikkaa tehd\u00e4\u00e4n\u201d on yleisin palaute Andersin keikasta.<\/p>\n<p>&nbsp;<\/p>\n<h3>Teemu Vesterinen<\/h3>\n<p><img loading=\"lazy\" decoding=\"async\" class=\"wp-image-171 alignright\" src=\"https:\/\/tuntematonkoomikko.com\/pj\/wp-content\/uploads\/2013\/05\/Paukutusjengi_teemu_tmb-150x150.jpg\" alt=\"\" width=\"284\" height=\"284\" srcset=\"https:\/\/tuntematonkoomikko.com\/pj\/wp-content\/uploads\/2013\/05\/Paukutusjengi_teemu_tmb-150x150.jpg 150w, https:\/\/tuntematonkoomikko.com\/pj\/wp-content\/uploads\/2013\/05\/Paukutusjengi_teemu_tmb.jpg 240w\" sizes=\"(max-width: 284px) 100vw, 284px\" \/><\/p>\n<p style=\"text-align: left;\">Vuonna 2011 Vesterinen kyll\u00e4styi, lopetti stand upin ja siirtyi radioon. Vuoden p\u00e4\u00e4st\u00e4 h\u00e4n lopetti radiossa ja alkoi ty\u00f6st\u00e4\u00e4 juttuja Paukutusjengi\u00e4 varten. Lokakuussa 2012 Etel\u00e4-Saimaa -lehti kirjoitti n\u00e4in: \u201cH\u00e4n on Suomen stand upin ykk\u00f6nen, vuoden tauon j\u00e4lkeenkin.\u201d Nyt h\u00e4nen tinkim\u00e4t\u00f6n ja omakohtainen komiikkansa kertoo esimerkiksi siit\u00e4, miksei Vesterist\u00e4 en\u00e4\u00e4 vituta.<\/p>\n<p>&nbsp;<\/p>\n<h3>Jukka Lindstr\u00f6m<\/h3>\n<p><img loading=\"lazy\" decoding=\"async\" class=\"wp-image-167 alignright\" src=\"https:\/\/tuntematonkoomikko.com\/pj\/wp-content\/uploads\/2013\/07\/Paukutusjengi_jukka_tmb-150x150.jpg\" alt=\"\" width=\"269\" height=\"269\" srcset=\"https:\/\/tuntematonkoomikko.com\/pj\/wp-content\/uploads\/2013\/07\/Paukutusjengi_jukka_tmb-150x150.jpg 150w, https:\/\/tuntematonkoomikko.com\/pj\/wp-content\/uploads\/2013\/07\/Paukutusjengi_jukka_tmb.jpg 240w\" sizes=\"(max-width: 269px) 100vw, 269px\" \/><\/p>\n<p>Lindstrom tekee laserintarkkaa satiiria siit\u00e4, mihin ihmiskunta on \u00e4lypuhelimen n\u00e4yt\u00f6n hehkussa menossa. Tikun nokkaan nostetaan mm. globalisaatio, internet ja ylti\u00f6is\u00e4nmaallisuus. Jukan intensiivinen ja keskustelunomainen esiintyminen tekee vaikutuksen.<\/p>\n<p>&nbsp;<\/p>\n<p>&nbsp;<\/p>\n<h3>Aatu Raitala<\/h3>\n<p><img loading=\"lazy\" decoding=\"async\" class=\"wp-image-325 alignright\" src=\"https:\/\/tuntematonkoomikko.com\/pj\/wp-content\/uploads\/2018\/09\/aatu_raitala-copy-150x150.jpg\" alt=\"\" width=\"269\" height=\"269\" srcset=\"https:\/\/tuntematonkoomikko.com\/pj\/wp-content\/uploads\/2018\/09\/aatu_raitala-copy-150x150.jpg 150w, https:\/\/tuntematonkoomikko.com\/pj\/wp-content\/uploads\/2018\/09\/aatu_raitala-copy-300x300.jpg 300w, https:\/\/tuntematonkoomikko.com\/pj\/wp-content\/uploads\/2018\/09\/aatu_raitala-copy.jpg 500w\" sizes=\"(max-width: 269px) 100vw, 269px\" \/><span style=\"font-size: 1em;\">Raitalan Aatu tulee siun luokse Lappeenrannan Lauritsalasta. Samasta paikasta, josta Arvi Lind nousi Suomen luotetuimmaksi mieheksi. Aatukin on luotettavan oloinen kaveri, mutta jutut ovat uskomattomia. Ennen stand up -uraansa Raitala toimi Tavastian ja Semifinalin portsarina, mutta heti aloitettuaan suomalaiset koomikot \u00e4\u00e4nestiv\u00e4t h\u00e4net vuoden 2013 tulokkaaksi. Paukutusklubin lis\u00e4ksi Aatu py\u00f6ritt\u00e4\u00e4 Helsingin Kalliossa hienoa Takakeno -klubia.<\/span><\/p>\n<p>&nbsp;<\/p>\n<hr \/>\n<div>\n<h1>SANOTTUA<\/h1>\n<p><strong><em>&#8220;Ryhm\u00e4 ei v\u00e4it\u00e4 tai saarnaa, vaan tekee tuttua stand-upia, mutta astetta vakavammista aiheista.&#8221;<br \/>\n<\/em><\/strong><a title=\"Lue koko artikkeli\" href=\"http:\/\/www2.nyt.fi\/20131018-nauruissa-taeytyy-olla-sisaeltoeae-paukutusjengi-haluaa-tehdae-syvaellistae-stand-upia\/\" target=\"_blank\" rel=\"noopener noreferrer\">&#8211; Helsingin Sanomat<\/a><\/p>\n<p><strong><em>&#8220;T\u00e4m\u00e4 ei ole maksettu mainos, mutta sanon nyt: MENK\u00c4\u00c4 hyv\u00e4t ihmiset katsomaan Paukutusjengi\u00e4.\u201d<\/em><\/strong><br \/>\n<a title=\"Lue koko artikkeli\" href=\"http:\/\/alsosprachjussi.blogspot.fi\/2013\/10\/livearvio-paukutusjengi-gloria-18102013.html\" target=\"_blank\" rel=\"noopener noreferrer\">&#8211; Jussi M\u00e4ntysaari blogissaan<\/a><\/p>\n<p><em><strong>&#8220;Paukutusjengin kiertue osuu suomalaisen stand up \u2013kulttuurin vaiheeseen, jossa lajin eri tyylit ovat eriytym\u00e4ss\u00e4 ja koomikot genreytyv\u00e4t. &#8221; <\/strong><\/em><br \/>\n<a title=\"Lue koko artikkeli\" href=\"http:\/\/www.uusisuomi.fi\/kulttuuri\/63217-koomikot-kyllastyivat-vrn-juniin-ja-runkkaamiseen-nyt-tulee-esim-piripaa-pehu\" target=\"_blank\" rel=\"noopener noreferrer\">&#8211; Uusi Suomi<\/a><\/p>\n<h1><\/h1>\n<\/div>\n","protected":false},"excerpt":{"rendered":"<p>PAUKUTUSKLUBIT? Paukutusklubi on vuonna 2014 Helsingin Semifinaliin perustettu h\u00e4m\u00e4r\u00e4, hikinen ja v\u00e4h\u00e4n vaarallisen oloinen stand up -luola. Perustajien tavoite oli luoda Helsingin ytimeen klubi,\u00a0jossa koomikot saavat rauhassa revitell\u00e4, hajoilla, ep\u00e4onnistua tai tappaa yleis\u00f6ns\u00e4 nauruun.\u00a0Paukutusjengin koomikoiden lis\u00e4ksi lavalla n\u00e4hd\u00e4\u00e4n vierailijoina tunnettuja stand up -nimi\u00e4, alan kuumimpia tulokkaita sek\u00e4 lavakomiikan omituisimpia hahmoja. Tulevat illat: Lauantai 7.1.2023 Semifinal [&hellip;]<\/p>\n","protected":false},"author":1,"featured_media":0,"parent":0,"menu_order":0,"comment_status":"closed","ping_status":"closed","template":"","meta":{"footnotes":""},"_links":{"self":[{"href":"https:\/\/www.tuntematonkoomikko.com\/pj\/index.php?rest_route=\/wp\/v2\/pages\/396"}],"collection":[{"href":"https:\/\/www.tuntematonkoomikko.com\/pj\/index.php?rest_route=\/wp\/v2\/pages"}],"about":[{"href":"https:\/\/www.tuntematonkoomikko.com\/pj\/index.php?rest_route=\/wp\/v2\/types\/page"}],"author":[{"embeddable":true,"href":"https:\/\/www.tuntematonkoomikko.com\/pj\/index.php?rest_route=\/wp\/v2\/users\/1"}],"replies":[{"embeddable":true,"href":"https:\/\/www.tuntematonkoomikko.com\/pj\/index.php?rest_route=%2Fwp%2Fv2%2Fcomments&post=396"}],"version-history":[{"count":59,"href":"https:\/\/www.tuntematonkoomikko.com\/pj\/index.php?rest_route=\/wp\/v2\/pages\/396\/revisions"}],"predecessor-version":[{"id":562,"href":"https:\/\/www.tuntematonkoomikko.com\/pj\/index.php?rest_route=\/wp\/v2\/pages\/396\/revisions\/562"}],"wp:attachment":[{"href":"https:\/\/www.tuntematonkoomikko.com\/pj\/index.php?rest_route=%2Fwp%2Fv2%2Fmedia&parent=396"}],"curies":[{"name":"wp","href":"https:\/\/api.w.org\/{rel}","templated":true}]}}